{"id":1752,"date":"2026-02-28T20:13:02","date_gmt":"2026-02-28T19:13:02","guid":{"rendered":"https:\/\/stnl.ch\/?page_id=1752"},"modified":"2026-03-16T21:37:28","modified_gmt":"2026-03-16T20:37:28","slug":"team","status":"publish","type":"page","link":"https:\/\/stnl.ch\/de\/team\/","title":{"rendered":"DAS TEAM"},"content":{"rendered":"<h2 style=\"font-style:normal;font-weight:700; padding-top:0;padding-bottom:0;margin-right:var(--wp--preset--spacing--30);margin-left:var(--wp--preset--spacing--30);margin-top:0;margin-bottom:0;\" class=\"alignwide wp-block-post-title has-x-large-font-size\">DAS TEAM<\/h2>\n\n\n<div style=\"height:var(--wp--preset--spacing--20)\" aria-hidden=\"true\" class=\"wp-block-spacer\"><\/div>\n\n\n\n<p class=\"has-large-font-size\" style=\"margin-top:0;margin-right:0;margin-bottom:0;margin-left:0\">Wir sind in der Lage, Dienstleistungen in der gesamten Westschweiz (Freiburg, Waadt, Neuenburg, Wallis, Genf, Jura) anzubieten.<\/p>\n\n\n\n<div style=\"height:var(--wp--preset--spacing--40)\" aria-hidden=\"true\" class=\"wp-block-spacer\"><\/div>\n\n\n\n<div class=\"wp-block-columns alignwide has-accent-4-background-color has-background has-x-large-font-size has-global-padding is-layout-constrained wp-container-core-columns-is-layout-0fb75905 wp-block-columns-is-layout-constrained\" style=\"border-top-left-radius:40px;border-top-right-radius:40px;border-bottom-left-radius:40px;border-bottom-right-radius:40px;margin-top:0;margin-right:var(--wp--preset--spacing--30);margin-bottom:0;margin-left:var(--wp--preset--spacing--30);padding-top:0;padding-bottom:0\">\n<div class=\"wp-block-column is-layout-flow wp-block-column-is-layout-flow\" style=\"flex-basis:50%\">\n<div class=\"wp-block-cover aligncenter is-light\" style=\"border-top-left-radius:40px;border-top-right-radius:40px;border-bottom-left-radius:40px;border-bottom-right-radius:40px;margin-bottom:0;padding-right:0;padding-left:0;min-height:750px;aspect-ratio:unset;\"><img loading=\"lazy\" decoding=\"async\" width=\"1024\" height=\"1536\" class=\"wp-block-cover__image-background wp-image-1874 size-full\" alt=\"\" src=\"http:\/\/stnl.ch\/wp-content\/uploads\/2026\/03\/Ranger-Marc-2.png\" data-object-fit=\"cover\" srcset=\"https:\/\/stnl.ch\/wp-content\/uploads\/2026\/03\/Ranger-Marc-2.png 1024w, https:\/\/stnl.ch\/wp-content\/uploads\/2026\/03\/Ranger-Marc-2-200x300.png 200w, https:\/\/stnl.ch\/wp-content\/uploads\/2026\/03\/Ranger-Marc-2-720x1080.png 720w, https:\/\/stnl.ch\/wp-content\/uploads\/2026\/03\/Ranger-Marc-2-768x1152.png 768w, https:\/\/stnl.ch\/wp-content\/uploads\/2026\/03\/Ranger-Marc-2-8x12.png 8w\" sizes=\"auto, (max-width: 1024px) 100vw, 1024px\" \/><span aria-hidden=\"true\" class=\"wp-block-cover__background has-background-dim-0 has-background-dim\" style=\"background-color:#928a7d\"><\/span><div class=\"wp-block-cover__inner-container has-global-padding is-layout-constrained wp-container-core-cover-is-layout-a871bb74 wp-block-cover-is-layout-constrained\">\n<p class=\"has-text-align-center has-large-font-size\"><\/p>\n<\/div><\/div>\n<\/div>\n\n\n\n<div class=\"wp-block-column has-accent-5-color has-accent-4-background-color has-text-color has-background has-link-color wp-elements-c5ea0a641e3f94a3c16c28cee07575a0 has-global-padding is-layout-constrained wp-block-column-is-layout-constrained\" style=\"border-top-left-radius:40px;border-top-right-radius:40px;border-bottom-left-radius:40px;border-bottom-right-radius:40px;flex-basis:50%\" id=\"team\">\n<div class=\"wp-block-group alignwide has-accent-4-background-color has-background is-vertical is-content-justification-stretch is-nowrap is-layout-flex wp-container-core-group-is-layout-da04a3cd wp-block-group-is-layout-flex\" id=\"amenager\" style=\"border-top-left-radius:40px;border-top-right-radius:40px;border-bottom-left-radius:40px;border-bottom-right-radius:40px;min-height:0vh;margin-top:var(--wp--preset--spacing--40);margin-bottom:var(--wp--preset--spacing--40);padding-top:0;padding-right:0;padding-bottom:0;padding-left:0\">\n<h2 class=\"wp-block-heading has-large-font-size\" style=\"margin-right:var(--wp--preset--spacing--40);margin-bottom:0;margin-left:var(--wp--preset--spacing--40)\">MARC ZAMPARO<\/h2>\n\n\n\n<p class=\"has-medium-font-size\" style=\"margin-right:var(--wp--preset--spacing--40);margin-left:var(--wp--preset--spacing--40)\">Als Absolvent des CEFOR in Lyss bin ich Architekt und Spezialist f\u00fcr die gebaute Umwelt und verf\u00fcge \u00fcber mehr als zwanzig Jahre Erfahrung in der Leitung und \u00dcberwachung komplexer Bauprojekte.<\/p>\n\n\n\n<p class=\"has-medium-font-size\" style=\"margin-right:var(--wp--preset--spacing--40);margin-left:var(--wp--preset--spacing--40)\">Da mir die Natur sehr am Herzen liegt, begeistere ich mich f\u00fcr Meereslandschaften, das Segeln als Skipper und die Vogelbeobachtung.<\/p>\n\n\n\n<p class=\"has-medium-font-size\" style=\"margin-right:var(--wp--preset--spacing--40);margin-left:var(--wp--preset--spacing--40)\">Ich bin Ihr Ansprechpartner f\u00fcr alle Fragen zu den Dienstleistungen von SENTINEL. Ich spreche auch Deutsch. <\/p>\n<\/div>\n<\/div>\n<\/div>\n\n\n\n<div style=\"height:var(--wp--preset--spacing--50)\" aria-hidden=\"true\" class=\"wp-block-spacer\"><\/div>\n\n\n\n<div class=\"wp-block-columns alignwide has-accent-4-background-color has-background has-x-large-font-size has-global-padding is-layout-constrained wp-container-core-columns-is-layout-0fb75905 wp-block-columns-is-layout-constrained\" style=\"border-top-left-radius:40px;border-top-right-radius:40px;border-bottom-left-radius:40px;border-bottom-right-radius:40px;margin-top:0;margin-right:var(--wp--preset--spacing--30);margin-bottom:0;margin-left:var(--wp--preset--spacing--30);padding-top:0;padding-bottom:0\">\n<div class=\"wp-block-column is-layout-flow wp-block-column-is-layout-flow\" style=\"flex-basis:50%\">\n<div class=\"wp-block-cover aligncenter is-light\" style=\"border-top-left-radius:40px;border-top-right-radius:40px;border-bottom-left-radius:40px;border-bottom-right-radius:40px;margin-bottom:0;min-height:750px;aspect-ratio:unset;\"><img loading=\"lazy\" decoding=\"async\" width=\"1024\" height=\"1536\" class=\"wp-block-cover__image-background wp-image-1824 size-full\" alt=\"\" src=\"http:\/\/stnl.ch\/wp-content\/uploads\/2026\/03\/Ranger-Noemie-1.png\" style=\"object-position:54% 40%\" data-object-fit=\"cover\" data-object-position=\"54% 40%\" srcset=\"https:\/\/stnl.ch\/wp-content\/uploads\/2026\/03\/Ranger-Noemie-1.png 1024w, https:\/\/stnl.ch\/wp-content\/uploads\/2026\/03\/Ranger-Noemie-1-200x300.png 200w, https:\/\/stnl.ch\/wp-content\/uploads\/2026\/03\/Ranger-Noemie-1-720x1080.png 720w, https:\/\/stnl.ch\/wp-content\/uploads\/2026\/03\/Ranger-Noemie-1-768x1152.png 768w, https:\/\/stnl.ch\/wp-content\/uploads\/2026\/03\/Ranger-Noemie-1-8x12.png 8w\" sizes=\"auto, (max-width: 1024px) 100vw, 1024px\" \/><span aria-hidden=\"true\" class=\"wp-block-cover__background has-background-dim-0 has-background-dim\" style=\"background-color:#92938b\"><\/span><div class=\"wp-block-cover__inner-container has-global-padding is-layout-constrained wp-block-cover-is-layout-constrained\">\n<p class=\"has-text-align-center has-large-font-size\"><\/p>\n<\/div><\/div>\n<\/div>\n\n\n\n<div class=\"wp-block-column has-accent-5-color has-accent-4-background-color has-text-color has-background has-link-color wp-elements-eec882fad893fe2b8ba72dd6477a56a6 has-global-padding is-layout-constrained wp-block-column-is-layout-constrained\" style=\"border-top-left-radius:40px;border-top-right-radius:40px;border-bottom-left-radius:40px;border-bottom-right-radius:40px;flex-basis:50%\" id=\"team\">\n<div class=\"wp-block-group alignwide has-accent-4-background-color has-background is-vertical is-content-justification-stretch is-nowrap is-layout-flex wp-container-core-group-is-layout-da04a3cd wp-block-group-is-layout-flex\" id=\"amenager\" style=\"border-top-left-radius:40px;border-top-right-radius:40px;border-bottom-left-radius:40px;border-bottom-right-radius:40px;min-height:0vh;margin-top:var(--wp--preset--spacing--40);margin-bottom:var(--wp--preset--spacing--40);padding-top:0;padding-right:0;padding-bottom:0;padding-left:0\">\n<h2 class=\"wp-block-heading has-large-font-size\" style=\"margin-right:var(--wp--preset--spacing--40);margin-bottom:0;margin-left:var(--wp--preset--spacing--40)\">NOEMIE ROCHAT<\/h2>\n\n\n\n<p class=\"has-medium-font-size\" style=\"margin-right:var(--wp--preset--spacing--40);margin-left:var(--wp--preset--spacing--40)\">Da ich schon bei meiner Geburt in einen Topf voller B\u00fccher gefallen bin, habe ich eine Ausbildung zur Buchh\u00e4ndlerin absolviert und bin schlie\u00dflich Buchhandlungsleiterin geworden. <\/p>\n\n\n\n<p class=\"has-medium-font-size\" style=\"margin-right:var(--wp--preset--spacing--40);margin-left:var(--wp--preset--spacing--40)\">Im Jahr 2025 beschloss ich, in die Fu\u00dfstapfen meines Urgro\u00dfvaters v\u00e4terlicherseits zu treten, der Wildh\u00fcter war, und stellte mir die Herausforderung, die Ranger-Ausbildung in Lyss zu absolvieren. <\/p>\n\n\n\n<p class=\"has-medium-font-size\" style=\"margin-right:var(--wp--preset--spacing--40);margin-left:var(--wp--preset--spacing--40)\">Heute ist es mein Ziel, mich in den Dienst der Natur zu stellen, um sie zu sch\u00fctzen und besser zur Geltung zu bringen.<br><\/p>\n<\/div>\n<\/div>\n<\/div>\n\n\n\n<div style=\"height:var(--wp--preset--spacing--50)\" aria-hidden=\"true\" class=\"wp-block-spacer\"><\/div>\n\n\n\n<div class=\"wp-block-columns alignwide has-accent-4-background-color has-background has-x-large-font-size has-global-padding is-layout-constrained wp-container-core-columns-is-layout-0fb75905 wp-block-columns-is-layout-constrained\" style=\"border-top-left-radius:40px;border-top-right-radius:40px;border-bottom-left-radius:40px;border-bottom-right-radius:40px;margin-top:0;margin-right:var(--wp--preset--spacing--30);margin-bottom:0;margin-left:var(--wp--preset--spacing--30);padding-top:0;padding-bottom:0\">\n<div class=\"wp-block-column is-layout-flow wp-block-column-is-layout-flow\" style=\"flex-basis:50%\">\n<div class=\"wp-block-cover aligncenter is-light\" style=\"border-top-left-radius:40px;border-top-right-radius:40px;border-bottom-left-radius:40px;border-bottom-right-radius:40px;margin-bottom:0;min-height:750px;aspect-ratio:unset;\"><img loading=\"lazy\" decoding=\"async\" width=\"1200\" height=\"1600\" class=\"wp-block-cover__image-background wp-image-1864 size-full\" alt=\"\" src=\"http:\/\/stnl.ch\/wp-content\/uploads\/2026\/03\/Ranger-Joelle-2.jpg\" style=\"object-position:49% 64%\" data-object-fit=\"cover\" data-object-position=\"49% 64%\" srcset=\"https:\/\/stnl.ch\/wp-content\/uploads\/2026\/03\/Ranger-Joelle-2.jpg 1200w, https:\/\/stnl.ch\/wp-content\/uploads\/2026\/03\/Ranger-Joelle-2-225x300.jpg 225w, https:\/\/stnl.ch\/wp-content\/uploads\/2026\/03\/Ranger-Joelle-2-810x1080.jpg 810w, https:\/\/stnl.ch\/wp-content\/uploads\/2026\/03\/Ranger-Joelle-2-768x1024.jpg 768w, https:\/\/stnl.ch\/wp-content\/uploads\/2026\/03\/Ranger-Joelle-2-1152x1536.jpg 1152w, https:\/\/stnl.ch\/wp-content\/uploads\/2026\/03\/Ranger-Joelle-2-9x12.jpg 9w\" sizes=\"auto, (max-width: 1200px) 100vw, 1200px\" \/><span aria-hidden=\"true\" class=\"wp-block-cover__background has-background-dim-0 has-background-dim\" style=\"background-color:#8a8470\"><\/span><div class=\"wp-block-cover__inner-container has-global-padding is-layout-constrained wp-block-cover-is-layout-constrained\">\n<p class=\"has-text-align-center has-large-font-size\"><\/p>\n<\/div><\/div>\n<\/div>\n\n\n\n<div class=\"wp-block-column has-accent-5-color has-accent-4-background-color has-text-color has-background has-link-color wp-elements-a86bfb5fa17e43ca8ef81ecb2a3012b3 has-global-padding is-layout-constrained wp-block-column-is-layout-constrained\" style=\"border-top-left-radius:40px;border-top-right-radius:40px;border-bottom-left-radius:40px;border-bottom-right-radius:40px;flex-basis:50%\" id=\"team\">\n<div class=\"wp-block-group alignwide has-accent-4-background-color has-background is-vertical is-content-justification-stretch is-nowrap is-layout-flex wp-container-core-group-is-layout-da04a3cd wp-block-group-is-layout-flex\" id=\"amenager\" style=\"border-top-left-radius:40px;border-top-right-radius:40px;border-bottom-left-radius:40px;border-bottom-right-radius:40px;min-height:0vh;margin-top:var(--wp--preset--spacing--40);margin-bottom:var(--wp--preset--spacing--40);padding-top:0;padding-right:0;padding-bottom:0;padding-left:0\">\n<h2 class=\"wp-block-heading has-large-font-size\" style=\"margin-right:var(--wp--preset--spacing--40);margin-bottom:0;margin-left:var(--wp--preset--spacing--40)\">JO\u00cbLLE LOSEY<\/h2>\n\n\n\n<p class=\"has-medium-font-size\" style=\"margin-right:var(--wp--preset--spacing--40);margin-left:var(--wp--preset--spacing--40)\">Als diplomierte Rangerin des CEFOR Lyss und seit \u00fcber 15 Jahren Spezialistin f\u00fcr Marketing und digitale Kommunikation habe ich mich entschlossen, meine Kompetenzen und meine Energie f\u00fcr das einzusetzen, was mich schon immer bewegt hat: die Natur und ihr Schutz.<\/p>\n\n\n\n<p class=\"has-medium-font-size\" style=\"margin-right:var(--wp--preset--spacing--40);margin-left:var(--wp--preset--spacing--40)\">Ich begleite Gruppen in der Natur als Naturf\u00fchrer. Mein Werdegang ist von einem roten Faden gepr\u00e4gt: Kommunikation, ja \u2013 aber um zu sensibilisieren, zu inspirieren und zum Handeln anzuregen.<\/p>\n\n\n\n<p class=\"has-medium-font-size\" style=\"margin-right:var(--wp--preset--spacing--40);margin-left:var(--wp--preset--spacing--40)\">Meine Muttersprache ist Franz\u00f6sisch, ich spreche aber auch Englisch und Deutsch.&nbsp;<\/p>\n<\/div>\n<\/div>\n<\/div>","protected":false},"excerpt":{"rendered":"<p>Nous sommes \u00e0 m\u00eame de fournir des prestations sur l&rsquo;ensemble de la Suisse romande (Fribourg, Vaud, Neuch\u00e2tel, Valais, Gen\u00e8ve, Jura). MARC ZAMPARO Ranger dipl\u00f4m\u00e9 du CEFOR \u00e0 Lyss, architecte et expert en environnement construit, je b\u00e9n\u00e9ficie de plus de vingt ans d\u2019exp\u00e9rience dans la gestion et la conduite de chantiers complexes. Profond\u00e9ment attach\u00e9 aux milieux [&hellip;]<\/p>\n","protected":false},"author":1,"featured_media":0,"parent":0,"menu_order":0,"comment_status":"closed","ping_status":"closed","template":"","meta":{"inline_featured_image":false,"footnotes":""},"class_list":["post-1752","page","type-page","status-publish","hentry"],"yoast_head":"<!-- This site is optimized with the Yoast SEO plugin v27.4 - https:\/\/yoast.com\/product\/yoast-seo-wordpress\/ -->\n<title>L&#039;EQUIPE - SENTINEL<\/title>\n<meta name=\"description\" content=\"Nous sommes \u00e0 m\u00eame de fournir des prestations sur l&#039;ensemble de la Suisse romande (Fribourg, Vaud, Neuch\u00e2tel, Valais, Gen\u00e8ve, Jura).\" \/>\n<meta name=\"robots\" content=\"index, follow, max-snippet:-1, max-image-preview:large, max-video-preview:-1\" \/>\n<link rel=\"canonical\" href=\"https:\/\/stnl.ch\/de\/team\/\" \/>\n<meta property=\"og:locale\" content=\"de_DE\" \/>\n<meta property=\"og:type\" content=\"article\" \/>\n<meta property=\"og:title\" content=\"L&#039;EQUIPE - SENTINEL\" \/>\n<meta property=\"og:description\" content=\"Nous sommes \u00e0 m\u00eame de fournir des prestations sur l&#039;ensemble de la Suisse romande (Fribourg, Vaud, Neuch\u00e2tel, Valais, Gen\u00e8ve, Jura).\" \/>\n<meta property=\"og:url\" content=\"https:\/\/stnl.ch\/de\/team\/\" \/>\n<meta property=\"og:site_name\" content=\"SENTINEL\" \/>\n<meta property=\"article:modified_time\" content=\"2026-03-16T20:37:28+00:00\" \/>\n<meta property=\"og:image\" content=\"http:\/\/stnl.ch\/wp-content\/uploads\/2026\/03\/Ranger-Marc-2.png\" \/>\n<meta name=\"twitter:card\" content=\"summary_large_image\" \/>\n<meta name=\"twitter:label1\" content=\"Gesch\u00e4tzte Lesezeit\" \/>\n\t<meta name=\"twitter:data1\" content=\"2\u00a0Minuten\" \/>\n<script type=\"application\/ld+json\" class=\"yoast-schema-graph\">{\"@context\":\"https:\\\/\\\/schema.org\",\"@graph\":[{\"@type\":\"WebPage\",\"@id\":\"https:\\\/\\\/stnl.ch\\\/team\\\/\",\"url\":\"https:\\\/\\\/stnl.ch\\\/team\\\/\",\"name\":\"L'EQUIPE - SENTINEL\",\"isPartOf\":{\"@id\":\"https:\\\/\\\/stnl.ch\\\/#website\"},\"primaryImageOfPage\":{\"@id\":\"https:\\\/\\\/stnl.ch\\\/team\\\/#primaryimage\"},\"image\":{\"@id\":\"https:\\\/\\\/stnl.ch\\\/team\\\/#primaryimage\"},\"thumbnailUrl\":\"http:\\\/\\\/stnl.ch\\\/wp-content\\\/uploads\\\/2026\\\/03\\\/Ranger-Marc-2.png\",\"datePublished\":\"2026-02-28T19:13:02+00:00\",\"dateModified\":\"2026-03-16T20:37:28+00:00\",\"description\":\"Nous sommes \u00e0 m\u00eame de fournir des prestations sur l'ensemble de la Suisse romande (Fribourg, Vaud, Neuch\u00e2tel, Valais, Gen\u00e8ve, Jura).\",\"breadcrumb\":{\"@id\":\"https:\\\/\\\/stnl.ch\\\/team\\\/#breadcrumb\"},\"inLanguage\":\"de\",\"potentialAction\":[{\"@type\":\"ReadAction\",\"target\":[\"https:\\\/\\\/stnl.ch\\\/team\\\/\"]}]},{\"@type\":\"ImageObject\",\"inLanguage\":\"de\",\"@id\":\"https:\\\/\\\/stnl.ch\\\/team\\\/#primaryimage\",\"url\":\"http:\\\/\\\/stnl.ch\\\/wp-content\\\/uploads\\\/2026\\\/03\\\/Ranger-Marc-2.png\",\"contentUrl\":\"http:\\\/\\\/stnl.ch\\\/wp-content\\\/uploads\\\/2026\\\/03\\\/Ranger-Marc-2.png\"},{\"@type\":\"BreadcrumbList\",\"@id\":\"https:\\\/\\\/stnl.ch\\\/team\\\/#breadcrumb\",\"itemListElement\":[{\"@type\":\"ListItem\",\"position\":1,\"name\":\"Accueil\",\"item\":\"https:\\\/\\\/stnl.ch\\\/\"},{\"@type\":\"ListItem\",\"position\":2,\"name\":\"L&rsquo;EQUIPE\"}]},{\"@type\":\"WebSite\",\"@id\":\"https:\\\/\\\/stnl.ch\\\/#website\",\"url\":\"https:\\\/\\\/stnl.ch\\\/\",\"name\":\"SENTINEL Ranger services Fribourg\",\"description\":\"Services ranger de protection et d&#039;am\u00e9nagement des aires prot\u00e9g\u00e9es en Suisse romande\",\"publisher\":{\"@id\":\"https:\\\/\\\/stnl.ch\\\/#organization\"},\"potentialAction\":[{\"@type\":\"SearchAction\",\"target\":{\"@type\":\"EntryPoint\",\"urlTemplate\":\"https:\\\/\\\/stnl.ch\\\/?s={search_term_string}\"},\"query-input\":{\"@type\":\"PropertyValueSpecification\",\"valueRequired\":true,\"valueName\":\"search_term_string\"}}],\"inLanguage\":\"de\"},{\"@type\":\"Organization\",\"@id\":\"https:\\\/\\\/stnl.ch\\\/#organization\",\"name\":\"SENTINEL Ranger services\",\"url\":\"https:\\\/\\\/stnl.ch\\\/\",\"logo\":{\"@type\":\"ImageObject\",\"inLanguage\":\"de\",\"@id\":\"https:\\\/\\\/stnl.ch\\\/#\\\/schema\\\/logo\\\/image\\\/\",\"url\":\"https:\\\/\\\/stnl.ch\\\/wp-content\\\/uploads\\\/2025\\\/05\\\/logo-sentinel-ranger.webp\",\"contentUrl\":\"https:\\\/\\\/stnl.ch\\\/wp-content\\\/uploads\\\/2025\\\/05\\\/logo-sentinel-ranger.webp\",\"width\":420,\"height\":488,\"caption\":\"SENTINEL Ranger services\"},\"image\":{\"@id\":\"https:\\\/\\\/stnl.ch\\\/#\\\/schema\\\/logo\\\/image\\\/\"}}]}<\/script>\n<!-- \/ Yoast SEO plugin. -->","yoast_head_json":{"title":"L'EQUIPE - SENTINEL","description":"Nous sommes \u00e0 m\u00eame de fournir des prestations sur l'ensemble de la Suisse romande (Fribourg, Vaud, Neuch\u00e2tel, Valais, Gen\u00e8ve, Jura).","robots":{"index":"index","follow":"follow","max-snippet":"max-snippet:-1","max-image-preview":"max-image-preview:large","max-video-preview":"max-video-preview:-1"},"canonical":"https:\/\/stnl.ch\/de\/team\/","og_locale":"de_DE","og_type":"article","og_title":"L'EQUIPE - SENTINEL","og_description":"Nous sommes \u00e0 m\u00eame de fournir des prestations sur l'ensemble de la Suisse romande (Fribourg, Vaud, Neuch\u00e2tel, Valais, Gen\u00e8ve, Jura).","og_url":"https:\/\/stnl.ch\/de\/team\/","og_site_name":"SENTINEL","article_modified_time":"2026-03-16T20:37:28+00:00","og_image":[{"url":"http:\/\/stnl.ch\/wp-content\/uploads\/2026\/03\/Ranger-Marc-2.png","type":"","width":"","height":""}],"twitter_card":"summary_large_image","twitter_misc":{"Gesch\u00e4tzte Lesezeit":"2\u00a0Minuten"},"schema":{"@context":"https:\/\/schema.org","@graph":[{"@type":"WebPage","@id":"https:\/\/stnl.ch\/team\/","url":"https:\/\/stnl.ch\/team\/","name":"L'EQUIPE - SENTINEL","isPartOf":{"@id":"https:\/\/stnl.ch\/#website"},"primaryImageOfPage":{"@id":"https:\/\/stnl.ch\/team\/#primaryimage"},"image":{"@id":"https:\/\/stnl.ch\/team\/#primaryimage"},"thumbnailUrl":"http:\/\/stnl.ch\/wp-content\/uploads\/2026\/03\/Ranger-Marc-2.png","datePublished":"2026-02-28T19:13:02+00:00","dateModified":"2026-03-16T20:37:28+00:00","description":"Nous sommes \u00e0 m\u00eame de fournir des prestations sur l'ensemble de la Suisse romande (Fribourg, Vaud, Neuch\u00e2tel, Valais, Gen\u00e8ve, Jura).","breadcrumb":{"@id":"https:\/\/stnl.ch\/team\/#breadcrumb"},"inLanguage":"de","potentialAction":[{"@type":"ReadAction","target":["https:\/\/stnl.ch\/team\/"]}]},{"@type":"ImageObject","inLanguage":"de","@id":"https:\/\/stnl.ch\/team\/#primaryimage","url":"http:\/\/stnl.ch\/wp-content\/uploads\/2026\/03\/Ranger-Marc-2.png","contentUrl":"http:\/\/stnl.ch\/wp-content\/uploads\/2026\/03\/Ranger-Marc-2.png"},{"@type":"BreadcrumbList","@id":"https:\/\/stnl.ch\/team\/#breadcrumb","itemListElement":[{"@type":"ListItem","position":1,"name":"Accueil","item":"https:\/\/stnl.ch\/"},{"@type":"ListItem","position":2,"name":"L&rsquo;EQUIPE"}]},{"@type":"WebSite","@id":"https:\/\/stnl.ch\/#website","url":"https:\/\/stnl.ch\/","name":"SENTINEL Ranger services Fribourg","description":"Services ranger de protection et d&#039;am\u00e9nagement des aires prot\u00e9g\u00e9es en Suisse romande","publisher":{"@id":"https:\/\/stnl.ch\/#organization"},"potentialAction":[{"@type":"SearchAction","target":{"@type":"EntryPoint","urlTemplate":"https:\/\/stnl.ch\/?s={search_term_string}"},"query-input":{"@type":"PropertyValueSpecification","valueRequired":true,"valueName":"search_term_string"}}],"inLanguage":"de"},{"@type":"Organization","@id":"https:\/\/stnl.ch\/#organization","name":"SENTINEL Ranger services","url":"https:\/\/stnl.ch\/","logo":{"@type":"ImageObject","inLanguage":"de","@id":"https:\/\/stnl.ch\/#\/schema\/logo\/image\/","url":"https:\/\/stnl.ch\/wp-content\/uploads\/2025\/05\/logo-sentinel-ranger.webp","contentUrl":"https:\/\/stnl.ch\/wp-content\/uploads\/2025\/05\/logo-sentinel-ranger.webp","width":420,"height":488,"caption":"SENTINEL Ranger services"},"image":{"@id":"https:\/\/stnl.ch\/#\/schema\/logo\/image\/"}}]}},"_links":{"self":[{"href":"https:\/\/stnl.ch\/de\/wp-json\/wp\/v2\/pages\/1752","targetHints":{"allow":["GET"]}}],"collection":[{"href":"https:\/\/stnl.ch\/de\/wp-json\/wp\/v2\/pages"}],"about":[{"href":"https:\/\/stnl.ch\/de\/wp-json\/wp\/v2\/types\/page"}],"author":[{"embeddable":true,"href":"https:\/\/stnl.ch\/de\/wp-json\/wp\/v2\/users\/1"}],"replies":[{"embeddable":true,"href":"https:\/\/stnl.ch\/de\/wp-json\/wp\/v2\/comments?post=1752"}],"version-history":[{"count":67,"href":"https:\/\/stnl.ch\/de\/wp-json\/wp\/v2\/pages\/1752\/revisions"}],"predecessor-version":[{"id":1903,"href":"https:\/\/stnl.ch\/de\/wp-json\/wp\/v2\/pages\/1752\/revisions\/1903"}],"wp:attachment":[{"href":"https:\/\/stnl.ch\/de\/wp-json\/wp\/v2\/media?parent=1752"}],"curies":[{"name":"wp","href":"https:\/\/api.w.org\/{rel}","templated":true}]}}